{"id":814,"date":"2021-01-29T18:24:44","date_gmt":"2021-01-29T18:24:44","guid":{"rendered":"http:\/\/q-sina.com\/?page_id=814"},"modified":"2021-08-03T23:00:18","modified_gmt":"2021-08-03T23:00:18","slug":"postres","status":"publish","type":"page","link":"https:\/\/q-sina.com\/index.php\/menu\/postres\/","title":{"rendered":"Postres"},"content":{"rendered":"\t\t<div data-elementor-type=\"wp-page\" data-elementor-id=\"814\" class=\"elementor elementor-814\" data-elementor-settings=\"[]\">\n\t\t\t\t\t\t<div class=\"elementor-inner\">\n\t\t\t\t\t\t\t<div class=\"elementor-section-wrap\">\n\t\t\t\t\t\t\t<section class=\"elementor-section elementor-top-section elementor-element elementor-element-94b38d6 elementor-section-content-middle elementor-section-boxed elementor-section-height-default elementor-section-height-default\" data-id=\"94b38d6\" data-element_type=\"section\" data-settings=\"{&quot;background_background&quot;:&quot;classic&quot;}\">\n\t\t\t\t\t\t\t<div class=\"elementor-background-overlay\"><\/div>\n\t\t\t\t\t\t\t<div class=\"elementor-container elementor-column-gap-no\">\n\t\t\t\t\t\t\t<div class=\"elementor-row\">\n\t\t\t\t\t<div class=\"elementor-column elementor-col-100 elementor-top-column elementor-element elementor-element-2e2006e2\" data-id=\"2e2006e2\" data-element_type=\"column\">\n\t\t\t<div class=\"elementor-column-wrap elementor-element-populated\">\n\t\t\t\t\t\t\t<div class=\"elementor-widget-wrap\">\n\t\t\t\t\t\t<div class=\"elementor-element elementor-element-6601dc3e elementor-view-default elementor-position-top elementor-vertical-align-top elementor-widget elementor-widget-icon-box\" data-id=\"6601dc3e\" data-element_type=\"widget\" data-widget_type=\"icon-box.default\">\n\t\t\t\t<div class=\"elementor-widget-container\">\n\t\t\t\t\t<div class=\"elementor-icon-box-wrapper\">\n\t\t\t\t\t\t<div class=\"elementor-icon-box-icon\">\n\t\t\t\t<span class=\"elementor-icon elementor-animation-\" >\n\t\t\t\t<i aria-hidden=\"true\" class=\"fas fa-crown\"><\/i>\t\t\t\t<\/span>\n\t\t\t<\/div>\n\t\t\t\t\t\t<div class=\"elementor-icon-box-content\">\n\t\t\t\t<h4 class=\"elementor-icon-box-title\">\n\t\t\t\t\t<span >Pregunta por los postres del d\u00eda<\/span>\n\t\t\t\t<\/h4>\n\t\t\t\t\t\t\t\t<p class=\"elementor-icon-box-description\">Postres<\/p>\n\t\t\t\t\t\t\t<\/div>\n\t\t<\/div>\n\t\t\t\t<\/div>\n\t\t\t\t<\/div>\n\t\t\t\t<div class=\"elementor-element elementor-element-4a073d10 elementor-widget elementor-widget-text-editor\" data-id=\"4a073d10\" data-element_type=\"widget\" data-widget_type=\"text-editor.default\">\n\t\t\t\t<div class=\"elementor-widget-container\">\n\t\t\t\t\t<div class=\"elementor-text-editor elementor-clearfix\"><p>Si eres fan de lo dulce despu\u00e9s de la comida, tenemos para ti postres reci\u00e9n hechos en nuestra cocina<\/p><\/div>\n\t\t\t\t<\/div>\n\t\t\t\t<\/div>\n\t\t\t\t\t\t<\/div>\n\t\t\t\t\t<\/div>\n\t\t<\/div>\n\t\t\t\t\t\t\t\t<\/div>\n\t\t\t\t\t<\/div>\n\t\t<\/section>\n\t\t\t\t<section class=\"elementor-section elementor-top-section elementor-element elementor-element-6dc7ecc2 elementor-section-content-middle elementor-section-boxed elementor-section-height-default elementor-section-height-default\" data-id=\"6dc7ecc2\" data-element_type=\"section\">\n\t\t\t\t\t\t<div class=\"elementor-container elementor-column-gap-no\">\n\t\t\t\t\t\t\t<div class=\"elementor-row\">\n\t\t\t\t\t<div class=\"elementor-column elementor-col-100 elementor-top-column elementor-element elementor-element-7aa2b3bf\" data-id=\"7aa2b3bf\" data-element_type=\"column\">\n\t\t\t<div class=\"elementor-column-wrap elementor-element-populated\">\n\t\t\t\t\t\t\t<div class=\"elementor-widget-wrap\">\n\t\t\t\t\t\t<div class=\"elementor-element elementor-element-431b6e92 gallery-spacing-custom elementor-widget elementor-widget-image-gallery\" data-id=\"431b6e92\" data-element_type=\"widget\" data-widget_type=\"image-gallery.default\">\n\t\t\t\t<div class=\"elementor-widget-container\">\n\t\t\t\t\t<div class=\"elementor-image-gallery\">\n\t\t\t<div id='gallery-1' class='gallery galleryid-814 gallery-columns-3 gallery-size-medium'><figure class='gallery-item'>\n\t\t\t<div class='gallery-icon landscape'>\n\t\t\t\t<a data-elementor-open-lightbox=\"yes\" data-elementor-lightbox-slideshow=\"431b6e92\" data-elementor-lightbox-title=\"Fraisier\" data-elementor-lightbox-description=\"Postre franc\u00e9s: pan de vainilla, crema mouselina a base de crema pastelera, frosting de queso y mantequilla, con fresas frescas\" href='https:\/\/q-sina.com\/wp-content\/uploads\/2021\/06\/Fraisier-2_web.png'><img loading=\"lazy\" decoding=\"async\" width=\"300\" height=\"300\" src=\"https:\/\/q-sina.com\/wp-content\/uploads\/2021\/06\/Fraisier-2_web-300x300.png\" class=\"attachment-medium size-medium\" alt=\"\" aria-describedby=\"gallery-1-2001\" srcset=\"https:\/\/q-sina.com\/wp-content\/uploads\/2021\/06\/Fraisier-2_web-300x300.png 300w, https:\/\/q-sina.com\/wp-content\/uploads\/2021\/06\/Fraisier-2_web-1024x1024.png 1024w, https:\/\/q-sina.com\/wp-content\/uploads\/2021\/06\/Fraisier-2_web-150x150.png 150w, https:\/\/q-sina.com\/wp-content\/uploads\/2021\/06\/Fraisier-2_web-768x768.png 768w, https:\/\/q-sina.com\/wp-content\/uploads\/2021\/06\/Fraisier-2_web.png 1182w\" sizes=\"auto, (max-width: 300px) 100vw, 300px\" \/><\/a>\n\t\t\t<\/div>\n\t\t\t\t<figcaption class='wp-caption-text gallery-caption' id='gallery-1-2001'>\n\t\t\t\tFraisier \n\t\t\t\t<\/figcaption><\/figure><figure class='gallery-item'>\n\t\t\t<div class='gallery-icon landscape'>\n\t\t\t\t<a data-elementor-open-lightbox=\"yes\" data-elementor-lightbox-slideshow=\"431b6e92\" data-elementor-lightbox-title=\"Sour cake kiwi mousse pistacho\" data-elementor-lightbox-description=\"Postre receta de nuestro chef, bizcocho de vainilla, mousse de chocolate blanco y crocante de almendra, cobertura de kiwi caramelizado \" href='https:\/\/q-sina.com\/wp-content\/uploads\/2021\/06\/Sour-cake-2_web-1.png'><img loading=\"lazy\" decoding=\"async\" width=\"300\" height=\"300\" src=\"https:\/\/q-sina.com\/wp-content\/uploads\/2021\/06\/Sour-cake-2_web-1-300x300.png\" class=\"attachment-medium size-medium\" alt=\"\" aria-describedby=\"gallery-1-2000\" srcset=\"https:\/\/q-sina.com\/wp-content\/uploads\/2021\/06\/Sour-cake-2_web-1-300x300.png 300w, https:\/\/q-sina.com\/wp-content\/uploads\/2021\/06\/Sour-cake-2_web-1-1024x1024.png 1024w, https:\/\/q-sina.com\/wp-content\/uploads\/2021\/06\/Sour-cake-2_web-1-150x150.png 150w, https:\/\/q-sina.com\/wp-content\/uploads\/2021\/06\/Sour-cake-2_web-1-768x768.png 768w, https:\/\/q-sina.com\/wp-content\/uploads\/2021\/06\/Sour-cake-2_web-1.png 1182w\" sizes=\"auto, (max-width: 300px) 100vw, 300px\" \/><\/a>\n\t\t\t<\/div>\n\t\t\t\t<figcaption class='wp-caption-text gallery-caption' id='gallery-1-2000'>\n\t\t\t\tSour cake kiwi mousse pistacho\n\t\t\t\t<\/figcaption><\/figure><figure class='gallery-item'>\n\t\t\t<div class='gallery-icon landscape'>\n\t\t\t\t<a data-elementor-open-lightbox=\"yes\" data-elementor-lightbox-slideshow=\"431b6e92\" data-elementor-lightbox-title=\"Panacotta del chef\" data-elementor-lightbox-description=\"Postre creaci\u00f3n de nuestro chef, a base de nata de crema de lecha, almendra y compota de pi\u00f1a, mango y una nota de chile de \u00e1rbol que acent\u00faa todos los sabores\" href='https:\/\/q-sina.com\/wp-content\/uploads\/2021\/06\/Panacotta-del-chef-2_web.png'><img loading=\"lazy\" decoding=\"async\" width=\"300\" height=\"300\" src=\"https:\/\/q-sina.com\/wp-content\/uploads\/2021\/06\/Panacotta-del-chef-2_web-300x300.png\" class=\"attachment-medium size-medium\" alt=\"\" aria-describedby=\"gallery-1-2003\" srcset=\"https:\/\/q-sina.com\/wp-content\/uploads\/2021\/06\/Panacotta-del-chef-2_web-300x300.png 300w, https:\/\/q-sina.com\/wp-content\/uploads\/2021\/06\/Panacotta-del-chef-2_web-1024x1024.png 1024w, https:\/\/q-sina.com\/wp-content\/uploads\/2021\/06\/Panacotta-del-chef-2_web-150x150.png 150w, https:\/\/q-sina.com\/wp-content\/uploads\/2021\/06\/Panacotta-del-chef-2_web-768x768.png 768w, https:\/\/q-sina.com\/wp-content\/uploads\/2021\/06\/Panacotta-del-chef-2_web.png 1182w\" sizes=\"auto, (max-width: 300px) 100vw, 300px\" \/><\/a>\n\t\t\t<\/div>\n\t\t\t\t<figcaption class='wp-caption-text gallery-caption' id='gallery-1-2003'>\n\t\t\t\tPanacotta del chef\n\t\t\t\t<\/figcaption><\/figure><figure class='gallery-item'>\n\t\t\t<div class='gallery-icon landscape'>\n\t\t\t\t<a data-elementor-open-lightbox=\"yes\" data-elementor-lightbox-slideshow=\"431b6e92\" data-elementor-lightbox-title=\"Tiramis\u00fa de frambuesa\" data-elementor-lightbox-description=\"Postre italiano creado en la d\u00e9cada de los 70, a base de capas de pasta de bizcocho o de genovesa, caf\u00e9 y capas de crema mascarpone\" href='https:\/\/q-sina.com\/wp-content\/uploads\/2021\/06\/Tiramisu-2_web.png'><img loading=\"lazy\" decoding=\"async\" width=\"300\" height=\"300\" src=\"https:\/\/q-sina.com\/wp-content\/uploads\/2021\/06\/Tiramisu-2_web-300x300.png\" class=\"attachment-medium size-medium\" alt=\"\" aria-describedby=\"gallery-1-2002\" srcset=\"https:\/\/q-sina.com\/wp-content\/uploads\/2021\/06\/Tiramisu-2_web-300x300.png 300w, https:\/\/q-sina.com\/wp-content\/uploads\/2021\/06\/Tiramisu-2_web-1024x1024.png 1024w, https:\/\/q-sina.com\/wp-content\/uploads\/2021\/06\/Tiramisu-2_web-150x150.png 150w, https:\/\/q-sina.com\/wp-content\/uploads\/2021\/06\/Tiramisu-2_web-768x768.png 768w, https:\/\/q-sina.com\/wp-content\/uploads\/2021\/06\/Tiramisu-2_web.png 1182w\" sizes=\"auto, (max-width: 300px) 100vw, 300px\" \/><\/a>\n\t\t\t<\/div>\n\t\t\t\t<figcaption class='wp-caption-text gallery-caption' id='gallery-1-2002'>\n\t\t\t\tTiramis\u00fa de frambuesa\n\t\t\t\t<\/figcaption><\/figure><figure class='gallery-item'>\n\t\t\t<div class='gallery-icon landscape'>\n\t\t\t\t<a data-elementor-open-lightbox=\"yes\" data-elementor-lightbox-slideshow=\"431b6e92\" data-elementor-lightbox-title=\"Tartaleta\" data-elementor-lightbox-description=\".\" href='https:\/\/q-sina.com\/wp-content\/uploads\/2021\/06\/Tartaleta_web-1.png'><img loading=\"lazy\" decoding=\"async\" width=\"300\" height=\"300\" src=\"https:\/\/q-sina.com\/wp-content\/uploads\/2021\/06\/Tartaleta_web-1-300x300.png\" class=\"attachment-medium size-medium\" alt=\"\" aria-describedby=\"gallery-1-1972\" srcset=\"https:\/\/q-sina.com\/wp-content\/uploads\/2021\/06\/Tartaleta_web-1-300x300.png 300w, https:\/\/q-sina.com\/wp-content\/uploads\/2021\/06\/Tartaleta_web-1-1024x1024.png 1024w, https:\/\/q-sina.com\/wp-content\/uploads\/2021\/06\/Tartaleta_web-1-150x150.png 150w, https:\/\/q-sina.com\/wp-content\/uploads\/2021\/06\/Tartaleta_web-1-768x768.png 768w, https:\/\/q-sina.com\/wp-content\/uploads\/2021\/06\/Tartaleta_web-1.png 1182w\" sizes=\"auto, (max-width: 300px) 100vw, 300px\" \/><\/a>\n\t\t\t<\/div>\n\t\t\t\t<figcaption class='wp-caption-text gallery-caption' id='gallery-1-1972'>\n\t\t\t\tTartaleta\n\t\t\t\t<\/figcaption><\/figure><figure class='gallery-item'>\n\t\t\t<div class='gallery-icon landscape'>\n\t\t\t\t<a data-elementor-open-lightbox=\"yes\" data-elementor-lightbox-slideshow=\"431b6e92\" data-elementor-lightbox-title=\"Pl\u00e1tano asado\" data-elementor-lightbox-description=\".\" href='https:\/\/q-sina.com\/wp-content\/uploads\/2021\/06\/Platano-asado_web.png'><img loading=\"lazy\" decoding=\"async\" width=\"300\" height=\"300\" src=\"https:\/\/q-sina.com\/wp-content\/uploads\/2021\/06\/Platano-asado_web-300x300.png\" class=\"attachment-medium size-medium\" alt=\"\" aria-describedby=\"gallery-1-1979\" srcset=\"https:\/\/q-sina.com\/wp-content\/uploads\/2021\/06\/Platano-asado_web-300x300.png 300w, https:\/\/q-sina.com\/wp-content\/uploads\/2021\/06\/Platano-asado_web-1024x1024.png 1024w, https:\/\/q-sina.com\/wp-content\/uploads\/2021\/06\/Platano-asado_web-150x150.png 150w, https:\/\/q-sina.com\/wp-content\/uploads\/2021\/06\/Platano-asado_web-768x768.png 768w, https:\/\/q-sina.com\/wp-content\/uploads\/2021\/06\/Platano-asado_web.png 1182w\" sizes=\"auto, (max-width: 300px) 100vw, 300px\" \/><\/a>\n\t\t\t<\/div>\n\t\t\t\t<figcaption class='wp-caption-text gallery-caption' id='gallery-1-1979'>\n\t\t\t\tPl\u00e1tano asado\n\t\t\t\t<\/figcaption><\/figure><figure class='gallery-item'>\n\t\t\t<div class='gallery-icon landscape'>\n\t\t\t\t<a data-elementor-open-lightbox=\"yes\" data-elementor-lightbox-slideshow=\"431b6e92\" data-elementor-lightbox-title=\"Plancha de frutos rojos\" data-elementor-lightbox-description=\"Biscuit roule, envinado con una mezcla de 3 leches, relleno de crema catalana y frutos rojos, terminado con az\u00facar glass\n\" href='https:\/\/q-sina.com\/wp-content\/uploads\/2021\/06\/Plancha-de-frutos-rojos_web.png'><img loading=\"lazy\" decoding=\"async\" width=\"300\" height=\"300\" src=\"https:\/\/q-sina.com\/wp-content\/uploads\/2021\/06\/Plancha-de-frutos-rojos_web-300x300.png\" class=\"attachment-medium size-medium\" alt=\"\" aria-describedby=\"gallery-1-1936\" srcset=\"https:\/\/q-sina.com\/wp-content\/uploads\/2021\/06\/Plancha-de-frutos-rojos_web-300x300.png 300w, https:\/\/q-sina.com\/wp-content\/uploads\/2021\/06\/Plancha-de-frutos-rojos_web-1024x1024.png 1024w, https:\/\/q-sina.com\/wp-content\/uploads\/2021\/06\/Plancha-de-frutos-rojos_web-150x150.png 150w, https:\/\/q-sina.com\/wp-content\/uploads\/2021\/06\/Plancha-de-frutos-rojos_web-768x768.png 768w, https:\/\/q-sina.com\/wp-content\/uploads\/2021\/06\/Plancha-de-frutos-rojos_web.png 1182w\" sizes=\"auto, (max-width: 300px) 100vw, 300px\" \/><\/a>\n\t\t\t<\/div>\n\t\t\t\t<figcaption class='wp-caption-text gallery-caption' id='gallery-1-1936'>\n\t\t\t\tPlancha de frutos rojos\n\t\t\t\t<\/figcaption><\/figure>\n\t\t<\/div>\n\t\t<\/div>\n\t\t\t\t<\/div>\n\t\t\t\t<\/div>\n\t\t\t\t\t\t<\/div>\n\t\t\t\t\t<\/div>\n\t\t<\/div>\n\t\t\t\t\t\t\t\t<\/div>\n\t\t\t\t\t<\/div>\n\t\t<\/section>\n\t\t\t\t<section class=\"elementor-section elementor-top-section elementor-element elementor-element-0caaf3e elementor-section-boxed elementor-section-height-default elementor-section-height-default\" data-id=\"0caaf3e\" data-element_type=\"section\">\n\t\t\t\t\t\t<div class=\"elementor-container elementor-column-gap-default\">\n\t\t\t\t\t\t\t<div class=\"elementor-row\">\n\t\t\t\t\t<div class=\"elementor-column elementor-col-100 elementor-top-column elementor-element elementor-element-69cf477\" data-id=\"69cf477\" data-element_type=\"column\">\n\t\t\t<div class=\"elementor-column-wrap elementor-element-populated\">\n\t\t\t\t\t\t\t<div class=\"elementor-widget-wrap\">\n\t\t\t\t\t\t<div class=\"elementor-element elementor-element-3183e8a elementor-align-center elementor-widget elementor-widget-button\" data-id=\"3183e8a\" data-element_type=\"widget\" data-widget_type=\"button.default\">\n\t\t\t\t<div class=\"elementor-widget-container\">\n\t\t\t\t\t<div class=\"elementor-button-wrapper\">\n\t\t\t<a href=\"http:\/\/q-sina.com\/index.php\/menu\/\" class=\"elementor-button-link elementor-button elementor-size-xl\" role=\"button\">\n\t\t\t\t\t\t<span class=\"elementor-button-content-wrapper\">\n\t\t\t\t\t\t<span class=\"elementor-button-text\">MEN\u00da<\/span>\n\t\t<\/span>\n\t\t\t\t\t<\/a>\n\t\t<\/div>\n\t\t\t\t<\/div>\n\t\t\t\t<\/div>\n\t\t\t\t<div class=\"elementor-element elementor-element-b082d02 elementor-align-center elementor-widget elementor-widget-button\" data-id=\"b082d02\" data-element_type=\"widget\" data-widget_type=\"button.default\">\n\t\t\t\t<div class=\"elementor-widget-container\">\n\t\t\t\t\t<div class=\"elementor-button-wrapper\">\n\t\t\t<a href=\"https:\/\/q-sina.com\/index.php\/menu\/menu-infantil\/\" class=\"elementor-button-link elementor-button elementor-size-lg\" role=\"button\">\n\t\t\t\t\t\t<span class=\"elementor-button-content-wrapper\">\n\t\t\t\t\t\t<span class=\"elementor-button-text\">MEN\u00da INFANTIL<\/span>\n\t\t<\/span>\n\t\t\t\t\t<\/a>\n\t\t<\/div>\n\t\t\t\t<\/div>\n\t\t\t\t<\/div>\n\t\t\t\t\t\t<\/div>\n\t\t\t\t\t<\/div>\n\t\t<\/div>\n\t\t\t\t\t\t\t\t<\/div>\n\t\t\t\t\t<\/div>\n\t\t<\/section>\n\t\t\t\t\t\t<\/div>\n\t\t\t\t\t\t<\/div>\n\t\t\t\t\t<\/div>\n\t\t","protected":false},"excerpt":{"rendered":"<p>Pregunta por los postres del d\u00eda Postres Si eres fan de lo dulce despu\u00e9s de la comida, tenemos para ti postres reci\u00e9n hechos en nuestra cocina Fraisier Sour cake kiwi mousse pistacho Panacotta del chef Tiramis\u00fa de frambuesa Tartaleta Pl\u00e1tano asado Plancha de frutos rojos MEN\u00da MEN\u00da INFANTIL<\/p>\n","protected":false},"author":1,"featured_media":0,"parent":70,"menu_order":0,"comment_status":"closed","ping_status":"closed","template":"","meta":{"footnotes":""},"class_list":["post-814","page","type-page","status-publish","hentry"],"_links":{"self":[{"href":"https:\/\/q-sina.com\/index.php\/wp-json\/wp\/v2\/pages\/814","targetHints":{"allow":["GET"]}}],"collection":[{"href":"https:\/\/q-sina.com\/index.php\/wp-json\/wp\/v2\/pages"}],"about":[{"href":"https:\/\/q-sina.com\/index.php\/wp-json\/wp\/v2\/types\/page"}],"author":[{"embeddable":true,"href":"https:\/\/q-sina.com\/index.php\/wp-json\/wp\/v2\/users\/1"}],"replies":[{"embeddable":true,"href":"https:\/\/q-sina.com\/index.php\/wp-json\/wp\/v2\/comments?post=814"}],"version-history":[{"count":82,"href":"https:\/\/q-sina.com\/index.php\/wp-json\/wp\/v2\/pages\/814\/revisions"}],"predecessor-version":[{"id":2115,"href":"https:\/\/q-sina.com\/index.php\/wp-json\/wp\/v2\/pages\/814\/revisions\/2115"}],"up":[{"embeddable":true,"href":"https:\/\/q-sina.com\/index.php\/wp-json\/wp\/v2\/pages\/70"}],"wp:attachment":[{"href":"https:\/\/q-sina.com\/index.php\/wp-json\/wp\/v2\/media?parent=814"}],"curies":[{"name":"wp","href":"https:\/\/api.w.org\/{rel}","templated":true}]}}