{"id":2166,"date":"2021-09-25T00:51:53","date_gmt":"2021-09-25T00:51:53","guid":{"rendered":"https:\/\/q-sina.com\/?page_id=2166"},"modified":"2021-09-25T00:56:11","modified_gmt":"2021-09-25T00:56:11","slug":"desayunos","status":"publish","type":"page","link":"https:\/\/q-sina.com\/index.php\/menu\/desayunos\/","title":{"rendered":"Desayunos"},"content":{"rendered":"\t\t<div data-elementor-type=\"wp-page\" data-elementor-id=\"2166\" class=\"elementor elementor-2166\" data-elementor-settings=\"[]\">\n\t\t\t\t\t\t<div class=\"elementor-inner\">\n\t\t\t\t\t\t\t<div class=\"elementor-section-wrap\">\n\t\t\t\t\t\t\t<section class=\"elementor-section elementor-top-section elementor-element elementor-element-4c3ca1ce elementor-section-content-middle elementor-section-boxed elementor-section-height-default elementor-section-height-default\" data-id=\"4c3ca1ce\" data-element_type=\"section\" data-settings=\"{&quot;background_background&quot;:&quot;classic&quot;}\">\n\t\t\t\t\t\t<div class=\"elementor-container elementor-column-gap-no\">\n\t\t\t\t\t\t\t<div class=\"elementor-row\">\n\t\t\t\t\t<div class=\"elementor-column elementor-col-50 elementor-top-column elementor-element elementor-element-161d067c\" data-id=\"161d067c\" data-element_type=\"column\">\n\t\t\t<div class=\"elementor-column-wrap elementor-element-populated\">\n\t\t\t\t\t\t\t<div class=\"elementor-widget-wrap\">\n\t\t\t\t\t\t<div class=\"elementor-element elementor-element-40f3c122 elementor-widget elementor-widget-image\" data-id=\"40f3c122\" data-element_type=\"widget\" data-widget_type=\"image.default\">\n\t\t\t\t<div class=\"elementor-widget-container\">\n\t\t\t\t\t<div class=\"elementor-image\">\n\t\t\t\t\t\t\t\t\t\t<img loading=\"lazy\" decoding=\"async\" width=\"994\" height=\"1024\" src=\"https:\/\/q-sina.com\/wp-content\/uploads\/2021\/09\/desayunos-web-994x1024.png\" class=\"attachment-large size-large\" alt=\"\" srcset=\"https:\/\/q-sina.com\/wp-content\/uploads\/2021\/09\/desayunos-web-994x1024.png 994w, https:\/\/q-sina.com\/wp-content\/uploads\/2021\/09\/desayunos-web-291x300.png 291w, https:\/\/q-sina.com\/wp-content\/uploads\/2021\/09\/desayunos-web-768x791.png 768w, https:\/\/q-sina.com\/wp-content\/uploads\/2021\/09\/desayunos-web.png 1246w\" sizes=\"auto, (max-width: 994px) 100vw, 994px\" \/>\t\t\t\t\t\t\t\t\t\t\t<\/div>\n\t\t\t\t<\/div>\n\t\t\t\t<\/div>\n\t\t\t\t\t\t<\/div>\n\t\t\t\t\t<\/div>\n\t\t<\/div>\n\t\t\t\t<div class=\"elementor-column elementor-col-50 elementor-top-column elementor-element elementor-element-256e2d82\" data-id=\"256e2d82\" data-element_type=\"column\">\n\t\t\t<div class=\"elementor-column-wrap elementor-element-populated\">\n\t\t\t\t\t\t\t<div class=\"elementor-widget-wrap\">\n\t\t\t\t\t\t<div class=\"elementor-element elementor-element-47a07392 elementor-widget elementor-widget-heading\" data-id=\"47a07392\" data-element_type=\"widget\" data-widget_type=\"heading.default\">\n\t\t\t\t<div class=\"elementor-widget-container\">\n\t\t\t<h4 class=\"elementor-heading-title elementor-size-default\">Desayunos<\/h4>\t\t<\/div>\n\t\t\t\t<\/div>\n\t\t\t\t<div class=\"elementor-element elementor-element-681f5e81 elementor-widget elementor-widget-text-editor\" data-id=\"681f5e81\" data-element_type=\"widget\" data-widget_type=\"text-editor.default\">\n\t\t\t\t<div class=\"elementor-widget-container\">\n\t\t\t\t\t<div class=\"elementor-text-editor elementor-clearfix\"><p>Comienza deli y de buenas tus d\u00edas con nuestros desayunos fant\u00e1sticos. Te esperamos a partir de las 9am\u00a0 y con servicio hasta el medio d\u00eda, 12pm.<\/p><p>Recuerda, el desayuno es el alimento m\u00e1s importante del d\u00eda <strong>\u263c<\/strong><\/p><\/div>\n\t\t\t\t<\/div>\n\t\t\t\t<\/div>\n\t\t\t\t\t\t<\/div>\n\t\t\t\t\t<\/div>\n\t\t<\/div>\n\t\t\t\t\t\t\t\t<\/div>\n\t\t\t\t\t<\/div>\n\t\t<\/section>\n\t\t\t\t<section class=\"elementor-section elementor-top-section elementor-element elementor-element-59fa28dc elementor-section-content-middle elementor-section-boxed elementor-section-height-default elementor-section-height-default\" data-id=\"59fa28dc\" data-element_type=\"section\">\n\t\t\t\t\t\t<div class=\"elementor-container elementor-column-gap-no\">\n\t\t\t\t\t\t\t<div class=\"elementor-row\">\n\t\t\t\t\t<div class=\"elementor-column elementor-col-100 elementor-top-column elementor-element elementor-element-56ef0d21\" data-id=\"56ef0d21\" data-element_type=\"column\">\n\t\t\t<div class=\"elementor-column-wrap elementor-element-populated\">\n\t\t\t\t\t\t\t<div class=\"elementor-widget-wrap\">\n\t\t\t\t\t\t<div class=\"elementor-element elementor-element-2c21b5fe gallery-spacing-custom elementor-widget elementor-widget-image-gallery\" data-id=\"2c21b5fe\" data-element_type=\"widget\" data-widget_type=\"image-gallery.default\">\n\t\t\t\t<div class=\"elementor-widget-container\">\n\t\t\t\t\t<div class=\"elementor-image-gallery\">\n\t\t\t<div id='gallery-1' class='gallery galleryid-2166 gallery-columns-3 gallery-size-medium_large'><figure class='gallery-item'>\n\t\t\t<div class='gallery-icon portrait'>\n\t\t\t\t<a data-elementor-open-lightbox=\"yes\" data-elementor-lightbox-slideshow=\"2c21b5fe\" data-elementor-lightbox-title=\"Desayunos\" href='https:\/\/q-sina.com\/wp-content\/uploads\/2021\/09\/Menu-QR-24-septiembre-2021-14.png'><img loading=\"lazy\" decoding=\"async\" width=\"768\" height=\"994\" src=\"https:\/\/q-sina.com\/wp-content\/uploads\/2021\/09\/Menu-QR-24-septiembre-2021-14-768x994.png\" class=\"attachment-medium_large size-medium_large\" alt=\"\" aria-describedby=\"gallery-1-2170\" srcset=\"https:\/\/q-sina.com\/wp-content\/uploads\/2021\/09\/Menu-QR-24-septiembre-2021-14-768x994.png 768w, https:\/\/q-sina.com\/wp-content\/uploads\/2021\/09\/Menu-QR-24-septiembre-2021-14-232x300.png 232w, https:\/\/q-sina.com\/wp-content\/uploads\/2021\/09\/Menu-QR-24-septiembre-2021-14-791x1024.png 791w, https:\/\/q-sina.com\/wp-content\/uploads\/2021\/09\/Menu-QR-24-septiembre-2021-14-1187x1536.png 1187w, https:\/\/q-sina.com\/wp-content\/uploads\/2021\/09\/Menu-QR-24-septiembre-2021-14-1582x2048.png 1582w\" sizes=\"auto, (max-width: 768px) 100vw, 768px\" \/><\/a>\n\t\t\t<\/div>\n\t\t\t\t<figcaption class='wp-caption-text gallery-caption' id='gallery-1-2170'>\n\t\t\t\tDesayunos\n\t\t\t\t<\/figcaption><\/figure><figure class='gallery-item'>\n\t\t\t<div class='gallery-icon portrait'>\n\t\t\t\t<a data-elementor-open-lightbox=\"yes\" data-elementor-lightbox-slideshow=\"2c21b5fe\" data-elementor-lightbox-title=\"Desayunos\" href='https:\/\/q-sina.com\/wp-content\/uploads\/2021\/09\/Menu-QR-24-septiembre-2021-15.png'><img loading=\"lazy\" decoding=\"async\" width=\"768\" height=\"994\" src=\"https:\/\/q-sina.com\/wp-content\/uploads\/2021\/09\/Menu-QR-24-septiembre-2021-15-768x994.png\" class=\"attachment-medium_large size-medium_large\" alt=\"\" aria-describedby=\"gallery-1-2171\" srcset=\"https:\/\/q-sina.com\/wp-content\/uploads\/2021\/09\/Menu-QR-24-septiembre-2021-15-768x994.png 768w, https:\/\/q-sina.com\/wp-content\/uploads\/2021\/09\/Menu-QR-24-septiembre-2021-15-232x300.png 232w, https:\/\/q-sina.com\/wp-content\/uploads\/2021\/09\/Menu-QR-24-septiembre-2021-15-791x1024.png 791w, https:\/\/q-sina.com\/wp-content\/uploads\/2021\/09\/Menu-QR-24-septiembre-2021-15-1187x1536.png 1187w, https:\/\/q-sina.com\/wp-content\/uploads\/2021\/09\/Menu-QR-24-septiembre-2021-15-1583x2048.png 1583w\" sizes=\"auto, (max-width: 768px) 100vw, 768px\" \/><\/a>\n\t\t\t<\/div>\n\t\t\t\t<figcaption class='wp-caption-text gallery-caption' id='gallery-1-2171'>\n\t\t\t\tDesayunos\n\t\t\t\t<\/figcaption><\/figure>\n\t\t<\/div>\n\t\t<\/div>\n\t\t\t\t<\/div>\n\t\t\t\t<\/div>\n\t\t\t\t<div class=\"elementor-element elementor-element-bf1ff4b elementor-align-center elementor-widget elementor-widget-button\" data-id=\"bf1ff4b\" data-element_type=\"widget\" data-widget_type=\"button.default\">\n\t\t\t\t<div class=\"elementor-widget-container\">\n\t\t\t\t\t<div class=\"elementor-button-wrapper\">\n\t\t\t<a href=\"https:\/\/q-sina.com\/index.php\/menu\/\" class=\"elementor-button-link elementor-button elementor-size-lg\" role=\"button\">\n\t\t\t\t\t\t<span class=\"elementor-button-content-wrapper\">\n\t\t\t\t\t\t<span class=\"elementor-button-text\">MEN\u00da<\/span>\n\t\t<\/span>\n\t\t\t\t\t<\/a>\n\t\t<\/div>\n\t\t\t\t<\/div>\n\t\t\t\t<\/div>\n\t\t\t\t\t\t<\/div>\n\t\t\t\t\t<\/div>\n\t\t<\/div>\n\t\t\t\t\t\t\t\t<\/div>\n\t\t\t\t\t<\/div>\n\t\t<\/section>\n\t\t\t\t\t\t<\/div>\n\t\t\t\t\t\t<\/div>\n\t\t\t\t\t<\/div>\n\t\t","protected":false},"excerpt":{"rendered":"<p>Desayunos Comienza deli y de buenas tus d\u00edas con nuestros desayunos fant\u00e1sticos. Te esperamos a partir de las 9am\u00a0 y con servicio hasta el medio d\u00eda, 12pm. Recuerda, el desayuno es el alimento m\u00e1s importante del d\u00eda \u263c Desayunos Desayunos MEN\u00da<\/p>\n","protected":false},"author":1,"featured_media":0,"parent":70,"menu_order":0,"comment_status":"closed","ping_status":"closed","template":"","meta":{"footnotes":""},"class_list":["post-2166","page","type-page","status-publish","hentry"],"_links":{"self":[{"href":"https:\/\/q-sina.com\/index.php\/wp-json\/wp\/v2\/pages\/2166","targetHints":{"allow":["GET"]}}],"collection":[{"href":"https:\/\/q-sina.com\/index.php\/wp-json\/wp\/v2\/pages"}],"about":[{"href":"https:\/\/q-sina.com\/index.php\/wp-json\/wp\/v2\/types\/page"}],"author":[{"embeddable":true,"href":"https:\/\/q-sina.com\/index.php\/wp-json\/wp\/v2\/users\/1"}],"replies":[{"embeddable":true,"href":"https:\/\/q-sina.com\/index.php\/wp-json\/wp\/v2\/comments?post=2166"}],"version-history":[{"count":8,"href":"https:\/\/q-sina.com\/index.php\/wp-json\/wp\/v2\/pages\/2166\/revisions"}],"predecessor-version":[{"id":2181,"href":"https:\/\/q-sina.com\/index.php\/wp-json\/wp\/v2\/pages\/2166\/revisions\/2181"}],"up":[{"embeddable":true,"href":"https:\/\/q-sina.com\/index.php\/wp-json\/wp\/v2\/pages\/70"}],"wp:attachment":[{"href":"https:\/\/q-sina.com\/index.php\/wp-json\/wp\/v2\/media?parent=2166"}],"curies":[{"name":"wp","href":"https:\/\/api.w.org\/{rel}","templated":true}]}}