{"id":2026,"date":"2021-06-28T21:45:58","date_gmt":"2021-06-28T21:45:58","guid":{"rendered":"https:\/\/q-sina.com\/?page_id=2026"},"modified":"2021-07-04T18:51:36","modified_gmt":"2021-07-04T18:51:36","slug":"galleteria","status":"publish","type":"page","link":"https:\/\/q-sina.com\/index.php\/reposteria\/galleteria\/","title":{"rendered":"Galleter\u00eda"},"content":{"rendered":"\t\t<div data-elementor-type=\"wp-page\" data-elementor-id=\"2026\" class=\"elementor elementor-2026\" data-elementor-settings=\"[]\">\n\t\t\t\t\t\t<div class=\"elementor-inner\">\n\t\t\t\t\t\t\t<div class=\"elementor-section-wrap\">\n\t\t\t\t\t\t\t<section class=\"elementor-section elementor-top-section elementor-element elementor-element-4dbb205e elementor-section-content-middle elementor-section-boxed elementor-section-height-default elementor-section-height-default\" data-id=\"4dbb205e\" data-element_type=\"section\" data-settings=\"{&quot;background_background&quot;:&quot;classic&quot;}\">\n\t\t\t\t\t\t\t<div class=\"elementor-background-overlay\"><\/div>\n\t\t\t\t\t\t\t<div class=\"elementor-container elementor-column-gap-no\">\n\t\t\t\t\t\t\t<div class=\"elementor-row\">\n\t\t\t\t\t<div class=\"elementor-column elementor-col-100 elementor-top-column elementor-element elementor-element-c32e105\" data-id=\"c32e105\" data-element_type=\"column\">\n\t\t\t<div class=\"elementor-column-wrap elementor-element-populated\">\n\t\t\t\t\t\t\t<div class=\"elementor-widget-wrap\">\n\t\t\t\t\t\t<div class=\"elementor-element elementor-element-4c46c5c9 elementor-view-default elementor-position-top elementor-vertical-align-top elementor-widget elementor-widget-icon-box\" data-id=\"4c46c5c9\" data-element_type=\"widget\" data-widget_type=\"icon-box.default\">\n\t\t\t\t<div class=\"elementor-widget-container\">\n\t\t\t\t\t<div class=\"elementor-icon-box-wrapper\">\n\t\t\t\t\t\t<div class=\"elementor-icon-box-icon\">\n\t\t\t\t<span class=\"elementor-icon elementor-animation-\" >\n\t\t\t\t<i aria-hidden=\"true\" class=\"fas fa-cookie-bite\"><\/i>\t\t\t\t<\/span>\n\t\t\t<\/div>\n\t\t\t\t\t\t<div class=\"elementor-icon-box-content\">\n\t\t\t\t<h4 class=\"elementor-icon-box-title\">\n\t\t\t\t\t<span >We love cookies<\/span>\n\t\t\t\t<\/h4>\n\t\t\t\t\t\t\t\t<p class=\"elementor-icon-box-description\">Galleter\u00eda<\/p>\n\t\t\t\t\t\t\t<\/div>\n\t\t<\/div>\n\t\t\t\t<\/div>\n\t\t\t\t<\/div>\n\t\t\t\t<div class=\"elementor-element elementor-element-5d6c346f elementor-widget elementor-widget-text-editor\" data-id=\"5d6c346f\" data-element_type=\"widget\" data-widget_type=\"text-editor.default\">\n\t\t\t\t<div class=\"elementor-widget-container\">\n\t\t\t\t\t<div class=\"elementor-text-editor elementor-clearfix\"><p>Tenemos para ti galletas reci\u00e9n horneadas, para acompa\u00f1ar el caf\u00e9 de la tarde, un regalo especial o para tu antojo de la tarde<\/p><\/div>\n\t\t\t\t<\/div>\n\t\t\t\t<\/div>\n\t\t\t\t\t\t<\/div>\n\t\t\t\t\t<\/div>\n\t\t<\/div>\n\t\t\t\t\t\t\t\t<\/div>\n\t\t\t\t\t<\/div>\n\t\t<\/section>\n\t\t\t\t<section class=\"elementor-section elementor-top-section elementor-element elementor-element-2383b130 elementor-section-content-middle elementor-section-boxed elementor-section-height-default elementor-section-height-default\" data-id=\"2383b130\" data-element_type=\"section\">\n\t\t\t\t\t\t<div class=\"elementor-container elementor-column-gap-no\">\n\t\t\t\t\t\t\t<div class=\"elementor-row\">\n\t\t\t\t\t<div class=\"elementor-column elementor-col-100 elementor-top-column elementor-element elementor-element-5649f89a\" data-id=\"5649f89a\" data-element_type=\"column\">\n\t\t\t<div class=\"elementor-column-wrap elementor-element-populated\">\n\t\t\t\t\t\t\t<div class=\"elementor-widget-wrap\">\n\t\t\t\t\t\t<div class=\"elementor-element elementor-element-49b19439 gallery-spacing-custom elementor-widget elementor-widget-image-gallery\" data-id=\"49b19439\" data-element_type=\"widget\" data-widget_type=\"image-gallery.default\">\n\t\t\t\t<div class=\"elementor-widget-container\">\n\t\t\t\t\t<div class=\"elementor-image-gallery\">\n\t\t\t<div id='gallery-1' class='gallery galleryid-2026 gallery-columns-3 gallery-size-medium'><figure class='gallery-item'>\n\t\t\t<div class='gallery-icon landscape'>\n\t\t\t\t<a data-elementor-open-lightbox=\"yes\" data-elementor-lightbox-slideshow=\"49b19439\" data-elementor-lightbox-title=\"Avena y ar\u00e1ndanos\" href='https:\/\/q-sina.com\/wp-content\/uploads\/2021\/06\/Galletas-avena-y-arandano-2_web.png'><img loading=\"lazy\" decoding=\"async\" width=\"300\" height=\"300\" src=\"https:\/\/q-sina.com\/wp-content\/uploads\/2021\/06\/Galletas-avena-y-arandano-2_web-300x300.png\" class=\"attachment-medium size-medium\" alt=\"\" aria-describedby=\"gallery-1-2032\" srcset=\"https:\/\/q-sina.com\/wp-content\/uploads\/2021\/06\/Galletas-avena-y-arandano-2_web-300x300.png 300w, https:\/\/q-sina.com\/wp-content\/uploads\/2021\/06\/Galletas-avena-y-arandano-2_web-1024x1024.png 1024w, https:\/\/q-sina.com\/wp-content\/uploads\/2021\/06\/Galletas-avena-y-arandano-2_web-150x150.png 150w, https:\/\/q-sina.com\/wp-content\/uploads\/2021\/06\/Galletas-avena-y-arandano-2_web-768x768.png 768w, https:\/\/q-sina.com\/wp-content\/uploads\/2021\/06\/Galletas-avena-y-arandano-2_web.png 1182w\" sizes=\"auto, (max-width: 300px) 100vw, 300px\" \/><\/a>\n\t\t\t<\/div>\n\t\t\t\t<figcaption class='wp-caption-text gallery-caption' id='gallery-1-2032'>\n\t\t\t\tAvena y ar\u00e1ndanos\n\t\t\t\t<\/figcaption><\/figure><figure class='gallery-item'>\n\t\t\t<div class='gallery-icon landscape'>\n\t\t\t\t<a data-elementor-open-lightbox=\"yes\" data-elementor-lightbox-slideshow=\"49b19439\" data-elementor-lightbox-title=\"Galletas avena y pistache\" href='https:\/\/q-sina.com\/wp-content\/uploads\/2021\/07\/Galletas-avena-y-pistache_web.png'><img loading=\"lazy\" decoding=\"async\" width=\"300\" height=\"300\" src=\"https:\/\/q-sina.com\/wp-content\/uploads\/2021\/07\/Galletas-avena-y-pistache_web-300x300.png\" class=\"attachment-medium size-medium\" alt=\"\" aria-describedby=\"gallery-1-2045\" srcset=\"https:\/\/q-sina.com\/wp-content\/uploads\/2021\/07\/Galletas-avena-y-pistache_web-300x300.png 300w, https:\/\/q-sina.com\/wp-content\/uploads\/2021\/07\/Galletas-avena-y-pistache_web-1024x1024.png 1024w, https:\/\/q-sina.com\/wp-content\/uploads\/2021\/07\/Galletas-avena-y-pistache_web-150x150.png 150w, https:\/\/q-sina.com\/wp-content\/uploads\/2021\/07\/Galletas-avena-y-pistache_web-768x768.png 768w, https:\/\/q-sina.com\/wp-content\/uploads\/2021\/07\/Galletas-avena-y-pistache_web.png 1182w\" sizes=\"auto, (max-width: 300px) 100vw, 300px\" \/><\/a>\n\t\t\t<\/div>\n\t\t\t\t<figcaption class='wp-caption-text gallery-caption' id='gallery-1-2045'>\n\t\t\t\tGalletas avena y pistache\n\t\t\t\t<\/figcaption><\/figure><figure class='gallery-item'>\n\t\t\t<div class='gallery-icon landscape'>\n\t\t\t\t<a data-elementor-open-lightbox=\"yes\" data-elementor-lightbox-slideshow=\"49b19439\" data-elementor-lightbox-title=\"Lunetes con jalea de vino tinto y pimienta\" href='https:\/\/q-sina.com\/wp-content\/uploads\/2021\/06\/Lunetes-2_web.png'><img loading=\"lazy\" decoding=\"async\" width=\"300\" height=\"300\" src=\"https:\/\/q-sina.com\/wp-content\/uploads\/2021\/06\/Lunetes-2_web-300x300.png\" class=\"attachment-medium size-medium\" alt=\"\" aria-describedby=\"gallery-1-2033\" srcset=\"https:\/\/q-sina.com\/wp-content\/uploads\/2021\/06\/Lunetes-2_web-300x300.png 300w, https:\/\/q-sina.com\/wp-content\/uploads\/2021\/06\/Lunetes-2_web-1024x1024.png 1024w, https:\/\/q-sina.com\/wp-content\/uploads\/2021\/06\/Lunetes-2_web-150x150.png 150w, https:\/\/q-sina.com\/wp-content\/uploads\/2021\/06\/Lunetes-2_web-768x768.png 768w, https:\/\/q-sina.com\/wp-content\/uploads\/2021\/06\/Lunetes-2_web.png 1182w\" sizes=\"auto, (max-width: 300px) 100vw, 300px\" \/><\/a>\n\t\t\t<\/div>\n\t\t\t\t<figcaption class='wp-caption-text gallery-caption' id='gallery-1-2033'>\n\t\t\t\tLunetes con jalea de vino tinto y pimienta\n\t\t\t\t<\/figcaption><\/figure><figure class='gallery-item'>\n\t\t\t<div class='gallery-icon landscape'>\n\t\t\t\t<a data-elementor-open-lightbox=\"yes\" data-elementor-lightbox-slideshow=\"49b19439\" data-elementor-lightbox-title=\"Orejitas\" href='https:\/\/q-sina.com\/wp-content\/uploads\/2021\/06\/Orejitas_web.png'><img loading=\"lazy\" decoding=\"async\" width=\"300\" height=\"300\" src=\"https:\/\/q-sina.com\/wp-content\/uploads\/2021\/06\/Orejitas_web-300x300.png\" class=\"attachment-medium size-medium\" alt=\"\" aria-describedby=\"gallery-1-2034\" srcset=\"https:\/\/q-sina.com\/wp-content\/uploads\/2021\/06\/Orejitas_web-300x300.png 300w, https:\/\/q-sina.com\/wp-content\/uploads\/2021\/06\/Orejitas_web-1024x1024.png 1024w, https:\/\/q-sina.com\/wp-content\/uploads\/2021\/06\/Orejitas_web-150x150.png 150w, https:\/\/q-sina.com\/wp-content\/uploads\/2021\/06\/Orejitas_web-768x768.png 768w, https:\/\/q-sina.com\/wp-content\/uploads\/2021\/06\/Orejitas_web.png 1182w\" sizes=\"auto, (max-width: 300px) 100vw, 300px\" \/><\/a>\n\t\t\t<\/div>\n\t\t\t\t<figcaption class='wp-caption-text gallery-caption' id='gallery-1-2034'>\n\t\t\t\tOrejitas\n\t\t\t\t<\/figcaption><\/figure>\n\t\t<\/div>\n\t\t<\/div>\n\t\t\t\t<\/div>\n\t\t\t\t<\/div>\n\t\t\t\t\t\t<\/div>\n\t\t\t\t\t<\/div>\n\t\t<\/div>\n\t\t\t\t\t\t\t\t<\/div>\n\t\t\t\t\t<\/div>\n\t\t<\/section>\n\t\t\t\t<section class=\"elementor-section elementor-top-section elementor-element elementor-element-2dc1c87 elementor-section-boxed elementor-section-height-default elementor-section-height-default\" data-id=\"2dc1c87\" data-element_type=\"section\">\n\t\t\t\t\t\t<div class=\"elementor-container elementor-column-gap-default\">\n\t\t\t\t\t\t\t<div class=\"elementor-row\">\n\t\t\t\t\t<div class=\"elementor-column elementor-col-100 elementor-top-column elementor-element elementor-element-288c908\" data-id=\"288c908\" data-element_type=\"column\">\n\t\t\t<div class=\"elementor-column-wrap elementor-element-populated\">\n\t\t\t\t\t\t\t<div class=\"elementor-widget-wrap\">\n\t\t\t\t\t\t<div class=\"elementor-element elementor-element-23d1c44 elementor-align-center elementor-widget elementor-widget-button\" data-id=\"23d1c44\" data-element_type=\"widget\" data-widget_type=\"button.default\">\n\t\t\t\t<div class=\"elementor-widget-container\">\n\t\t\t\t\t<div class=\"elementor-button-wrapper\">\n\t\t\t<a href=\"https:\/\/q-sina.com\/index.php\/reposteria\/\" class=\"elementor-button-link elementor-button elementor-size-lg\" role=\"button\">\n\t\t\t\t\t\t<span class=\"elementor-button-content-wrapper\">\n\t\t\t\t\t\t<span class=\"elementor-button-text\">Reposter\u00eda<\/span>\n\t\t<\/span>\n\t\t\t\t\t<\/a>\n\t\t<\/div>\n\t\t\t\t<\/div>\n\t\t\t\t<\/div>\n\t\t\t\t\t\t<\/div>\n\t\t\t\t\t<\/div>\n\t\t<\/div>\n\t\t\t\t\t\t\t\t<\/div>\n\t\t\t\t\t<\/div>\n\t\t<\/section>\n\t\t\t\t\t\t<\/div>\n\t\t\t\t\t\t<\/div>\n\t\t\t\t\t<\/div>\n\t\t","protected":false},"excerpt":{"rendered":"<p>We love cookies Galleter\u00eda Tenemos para ti galletas reci\u00e9n horneadas, para acompa\u00f1ar el caf\u00e9 de la tarde, un regalo especial o para tu antojo de la tarde Avena y ar\u00e1ndanos Galletas avena y pistache Lunetes con jalea de vino tinto y pimienta Orejitas Reposter\u00eda<\/p>\n","protected":false},"author":1,"featured_media":0,"parent":1984,"menu_order":0,"comment_status":"closed","ping_status":"closed","template":"","meta":{"footnotes":""},"class_list":["post-2026","page","type-page","status-publish","hentry"],"_links":{"self":[{"href":"https:\/\/q-sina.com\/index.php\/wp-json\/wp\/v2\/pages\/2026","targetHints":{"allow":["GET"]}}],"collection":[{"href":"https:\/\/q-sina.com\/index.php\/wp-json\/wp\/v2\/pages"}],"about":[{"href":"https:\/\/q-sina.com\/index.php\/wp-json\/wp\/v2\/types\/page"}],"author":[{"embeddable":true,"href":"https:\/\/q-sina.com\/index.php\/wp-json\/wp\/v2\/users\/1"}],"replies":[{"embeddable":true,"href":"https:\/\/q-sina.com\/index.php\/wp-json\/wp\/v2\/comments?post=2026"}],"version-history":[{"count":13,"href":"https:\/\/q-sina.com\/index.php\/wp-json\/wp\/v2\/pages\/2026\/revisions"}],"predecessor-version":[{"id":2048,"href":"https:\/\/q-sina.com\/index.php\/wp-json\/wp\/v2\/pages\/2026\/revisions\/2048"}],"up":[{"embeddable":true,"href":"https:\/\/q-sina.com\/index.php\/wp-json\/wp\/v2\/pages\/1984"}],"wp:attachment":[{"href":"https:\/\/q-sina.com\/index.php\/wp-json\/wp\/v2\/media?parent=2026"}],"curies":[{"name":"wp","href":"https:\/\/api.w.org\/{rel}","templated":true}]}}