{"id":1984,"date":"2021-06-27T22:07:45","date_gmt":"2021-06-27T22:07:45","guid":{"rendered":"https:\/\/q-sina.com\/?page_id=1984"},"modified":"2021-06-28T23:37:12","modified_gmt":"2021-06-28T23:37:12","slug":"reposteria","status":"publish","type":"page","link":"https:\/\/q-sina.com\/index.php\/reposteria\/","title":{"rendered":"Reposter\u00eda"},"content":{"rendered":"\t\t<div data-elementor-type=\"wp-page\" data-elementor-id=\"1984\" class=\"elementor elementor-1984\" data-elementor-settings=\"[]\">\n\t\t\t\t\t\t<div class=\"elementor-inner\">\n\t\t\t\t\t\t\t<div class=\"elementor-section-wrap\">\n\t\t\t\t\t\t\t<section class=\"elementor-section elementor-top-section elementor-element elementor-element-3784b251 elementor-section-content-middle elementor-section-boxed elementor-section-height-default elementor-section-height-default\" data-id=\"3784b251\" data-element_type=\"section\" data-settings=\"{&quot;background_background&quot;:&quot;classic&quot;}\">\n\t\t\t\t\t\t<div class=\"elementor-container elementor-column-gap-no\">\n\t\t\t\t\t\t\t<div class=\"elementor-row\">\n\t\t\t\t\t<div class=\"elementor-column elementor-col-50 elementor-top-column elementor-element elementor-element-24955cd3\" data-id=\"24955cd3\" data-element_type=\"column\">\n\t\t\t<div class=\"elementor-column-wrap elementor-element-populated\">\n\t\t\t\t\t\t\t<div class=\"elementor-widget-wrap\">\n\t\t\t\t\t\t<div class=\"elementor-element elementor-element-3b5d0d0c elementor-widget elementor-widget-image\" data-id=\"3b5d0d0c\" data-element_type=\"widget\" data-widget_type=\"image.default\">\n\t\t\t\t<div class=\"elementor-widget-container\">\n\t\t\t\t\t<div class=\"elementor-image\">\n\t\t\t\t\t\t\t\t\t\t<img loading=\"lazy\" decoding=\"async\" width=\"768\" height=\"576\" src=\"https:\/\/q-sina.com\/wp-content\/uploads\/2021\/06\/DSCN3243-768x576.jpg\" class=\"attachment-medium_large size-medium_large\" alt=\"\" srcset=\"https:\/\/q-sina.com\/wp-content\/uploads\/2021\/06\/DSCN3243-768x576.jpg 768w, https:\/\/q-sina.com\/wp-content\/uploads\/2021\/06\/DSCN3243-300x225.jpg 300w, https:\/\/q-sina.com\/wp-content\/uploads\/2021\/06\/DSCN3243-1024x768.jpg 1024w, https:\/\/q-sina.com\/wp-content\/uploads\/2021\/06\/DSCN3243-1536x1152.jpg 1536w, https:\/\/q-sina.com\/wp-content\/uploads\/2021\/06\/DSCN3243-2048x1536.jpg 2048w\" sizes=\"auto, (max-width: 768px) 100vw, 768px\" \/>\t\t\t\t\t\t\t\t\t\t\t<\/div>\n\t\t\t\t<\/div>\n\t\t\t\t<\/div>\n\t\t\t\t\t\t<\/div>\n\t\t\t\t\t<\/div>\n\t\t<\/div>\n\t\t\t\t<div class=\"elementor-column elementor-col-50 elementor-top-column elementor-element elementor-element-59fc3dd1\" data-id=\"59fc3dd1\" data-element_type=\"column\">\n\t\t\t<div class=\"elementor-column-wrap elementor-element-populated\">\n\t\t\t\t\t\t\t<div class=\"elementor-widget-wrap\">\n\t\t\t\t\t\t<div class=\"elementor-element elementor-element-66a6739e elementor-widget elementor-widget-heading\" data-id=\"66a6739e\" data-element_type=\"widget\" data-widget_type=\"heading.default\">\n\t\t\t\t<div class=\"elementor-widget-container\">\n\t\t\t<h4 class=\"elementor-heading-title elementor-size-default\">Reposter\u00eda<\/h4>\t\t<\/div>\n\t\t\t\t<\/div>\n\t\t\t\t<div class=\"elementor-element elementor-element-acd0a5 elementor-widget elementor-widget-text-editor\" data-id=\"acd0a5\" data-element_type=\"widget\" data-widget_type=\"text-editor.default\">\n\t\t\t\t<div class=\"elementor-widget-container\">\n\t\t\t\t\t<div class=\"elementor-text-editor elementor-clearfix\"><p>En Qsina amamos la comida, pero la reposter\u00eda es nuestra pasi\u00f3n \u2661\u00a0<\/p><\/div>\n\t\t\t\t<\/div>\n\t\t\t\t<\/div>\n\t\t\t\t\t\t<\/div>\n\t\t\t\t\t<\/div>\n\t\t<\/div>\n\t\t\t\t\t\t\t\t<\/div>\n\t\t\t\t\t<\/div>\n\t\t<\/section>\n\t\t\t\t<section class=\"elementor-section elementor-top-section elementor-element elementor-element-2663978b elementor-section-content-middle elementor-section-boxed elementor-section-height-default elementor-section-height-default\" data-id=\"2663978b\" data-element_type=\"section\">\n\t\t\t\t\t\t<div class=\"elementor-container elementor-column-gap-no\">\n\t\t\t\t\t\t\t<div class=\"elementor-row\">\n\t\t\t\t\t<div class=\"elementor-column elementor-col-100 elementor-top-column elementor-element elementor-element-5d8a8038\" data-id=\"5d8a8038\" data-element_type=\"column\">\n\t\t\t<div class=\"elementor-column-wrap elementor-element-populated\">\n\t\t\t\t\t\t\t<div class=\"elementor-widget-wrap\">\n\t\t\t\t\t\t<div class=\"elementor-element elementor-element-219188ac gallery-spacing-custom elementor-widget elementor-widget-image-gallery\" data-id=\"219188ac\" data-element_type=\"widget\" data-widget_type=\"image-gallery.default\">\n\t\t\t\t<div class=\"elementor-widget-container\">\n\t\t\t\t\t<div class=\"elementor-image-gallery\">\n\t\t\t<div id='gallery-1' class='gallery galleryid-1984 gallery-columns-3 gallery-size-medium'><figure class='gallery-item'>\n\t\t\t<div class='gallery-icon landscape'>\n\t\t\t\t<a data-elementor-open-lightbox=\"yes\" data-elementor-lightbox-slideshow=\"219188ac\" data-elementor-lightbox-title=\"Brownies\" data-elementor-lightbox-description=\"Caja 6 piezas\" href='https:\/\/q-sina.com\/wp-content\/uploads\/2021\/06\/Brownies_web.png'><img loading=\"lazy\" decoding=\"async\" width=\"300\" height=\"300\" src=\"https:\/\/q-sina.com\/wp-content\/uploads\/2021\/06\/Brownies_web-300x300.png\" class=\"attachment-medium size-medium\" alt=\"\" aria-describedby=\"gallery-1-1986\" srcset=\"https:\/\/q-sina.com\/wp-content\/uploads\/2021\/06\/Brownies_web-300x300.png 300w, https:\/\/q-sina.com\/wp-content\/uploads\/2021\/06\/Brownies_web-1024x1024.png 1024w, https:\/\/q-sina.com\/wp-content\/uploads\/2021\/06\/Brownies_web-150x150.png 150w, https:\/\/q-sina.com\/wp-content\/uploads\/2021\/06\/Brownies_web-768x768.png 768w, https:\/\/q-sina.com\/wp-content\/uploads\/2021\/06\/Brownies_web.png 1182w\" sizes=\"auto, (max-width: 300px) 100vw, 300px\" \/><\/a>\n\t\t\t<\/div>\n\t\t\t\t<figcaption class='wp-caption-text gallery-caption' id='gallery-1-1986'>\n\t\t\t\tBrownies\n\t\t\t\t<\/figcaption><\/figure><figure class='gallery-item'>\n\t\t\t<div class='gallery-icon landscape'>\n\t\t\t\t<a data-elementor-open-lightbox=\"yes\" data-elementor-lightbox-slideshow=\"219188ac\" data-elementor-lightbox-title=\"Chocolatines\" data-elementor-lightbox-description=\"Caja 6 piezas\" href='https:\/\/q-sina.com\/wp-content\/uploads\/2021\/06\/Chocolatines_web.png'><img loading=\"lazy\" decoding=\"async\" width=\"300\" height=\"300\" src=\"https:\/\/q-sina.com\/wp-content\/uploads\/2021\/06\/Chocolatines_web-300x300.png\" class=\"attachment-medium size-medium\" alt=\"\" aria-describedby=\"gallery-1-1987\" srcset=\"https:\/\/q-sina.com\/wp-content\/uploads\/2021\/06\/Chocolatines_web-300x300.png 300w, https:\/\/q-sina.com\/wp-content\/uploads\/2021\/06\/Chocolatines_web-1024x1024.png 1024w, https:\/\/q-sina.com\/wp-content\/uploads\/2021\/06\/Chocolatines_web-150x150.png 150w, https:\/\/q-sina.com\/wp-content\/uploads\/2021\/06\/Chocolatines_web-768x768.png 768w, https:\/\/q-sina.com\/wp-content\/uploads\/2021\/06\/Chocolatines_web.png 1182w\" sizes=\"auto, (max-width: 300px) 100vw, 300px\" \/><\/a>\n\t\t\t<\/div>\n\t\t\t\t<figcaption class='wp-caption-text gallery-caption' id='gallery-1-1987'>\n\t\t\t\tChocolatines\n\t\t\t\t<\/figcaption><\/figure><figure class='gallery-item'>\n\t\t\t<div class='gallery-icon landscape'>\n\t\t\t\t<a data-elementor-open-lightbox=\"yes\" data-elementor-lightbox-slideshow=\"219188ac\" data-elementor-lightbox-title=\"Mil hojas\" data-elementor-lightbox-description=\"Caja 6 piezas\" href='https:\/\/q-sina.com\/wp-content\/uploads\/2021\/06\/Mil-hojas-2_web.png'><img loading=\"lazy\" decoding=\"async\" width=\"300\" height=\"300\" src=\"https:\/\/q-sina.com\/wp-content\/uploads\/2021\/06\/Mil-hojas-2_web-300x300.png\" class=\"attachment-medium size-medium\" alt=\"\" aria-describedby=\"gallery-1-1988\" srcset=\"https:\/\/q-sina.com\/wp-content\/uploads\/2021\/06\/Mil-hojas-2_web-300x300.png 300w, https:\/\/q-sina.com\/wp-content\/uploads\/2021\/06\/Mil-hojas-2_web-1024x1024.png 1024w, https:\/\/q-sina.com\/wp-content\/uploads\/2021\/06\/Mil-hojas-2_web-150x150.png 150w, https:\/\/q-sina.com\/wp-content\/uploads\/2021\/06\/Mil-hojas-2_web-768x768.png 768w, https:\/\/q-sina.com\/wp-content\/uploads\/2021\/06\/Mil-hojas-2_web.png 1182w\" sizes=\"auto, (max-width: 300px) 100vw, 300px\" \/><\/a>\n\t\t\t<\/div>\n\t\t\t\t<figcaption class='wp-caption-text gallery-caption' id='gallery-1-1988'>\n\t\t\t\tMil hojas \n\t\t\t\t<\/figcaption><\/figure><figure class='gallery-item'>\n\t\t\t<div class='gallery-icon landscape'>\n\t\t\t\t<a data-elementor-open-lightbox=\"yes\" data-elementor-lightbox-slideshow=\"219188ac\" data-elementor-lightbox-title=\"Cannolis\" data-elementor-lightbox-description=\"4 piezas\" href='https:\/\/q-sina.com\/wp-content\/uploads\/2021\/06\/Cannolis-2_web.png'><img loading=\"lazy\" decoding=\"async\" width=\"300\" height=\"300\" src=\"https:\/\/q-sina.com\/wp-content\/uploads\/2021\/06\/Cannolis-2_web-300x300.png\" class=\"attachment-medium size-medium\" alt=\"\" aria-describedby=\"gallery-1-2008\" srcset=\"https:\/\/q-sina.com\/wp-content\/uploads\/2021\/06\/Cannolis-2_web-300x300.png 300w, https:\/\/q-sina.com\/wp-content\/uploads\/2021\/06\/Cannolis-2_web-1024x1024.png 1024w, https:\/\/q-sina.com\/wp-content\/uploads\/2021\/06\/Cannolis-2_web-150x150.png 150w, https:\/\/q-sina.com\/wp-content\/uploads\/2021\/06\/Cannolis-2_web-768x768.png 768w, https:\/\/q-sina.com\/wp-content\/uploads\/2021\/06\/Cannolis-2_web.png 1182w\" sizes=\"auto, (max-width: 300px) 100vw, 300px\" \/><\/a>\n\t\t\t<\/div>\n\t\t\t\t<figcaption class='wp-caption-text gallery-caption' id='gallery-1-2008'>\n\t\t\t\tCannolis \n\t\t\t\t<\/figcaption><\/figure><figure class='gallery-item'>\n\t\t\t<div class='gallery-icon landscape'>\n\t\t\t\t<a data-elementor-open-lightbox=\"yes\" data-elementor-lightbox-slideshow=\"219188ac\" data-elementor-lightbox-title=\"Pastel chocolate y ganache\" data-elementor-lightbox-description=\"4 piezas\" href='https:\/\/q-sina.com\/wp-content\/uploads\/2021\/06\/Pastel-chocolate-y-ganache_web.png'><img loading=\"lazy\" decoding=\"async\" width=\"300\" height=\"300\" src=\"https:\/\/q-sina.com\/wp-content\/uploads\/2021\/06\/Pastel-chocolate-y-ganache_web-300x300.png\" class=\"attachment-medium size-medium\" alt=\"\" aria-describedby=\"gallery-1-1989\" srcset=\"https:\/\/q-sina.com\/wp-content\/uploads\/2021\/06\/Pastel-chocolate-y-ganache_web-300x300.png 300w, https:\/\/q-sina.com\/wp-content\/uploads\/2021\/06\/Pastel-chocolate-y-ganache_web-1024x1024.png 1024w, https:\/\/q-sina.com\/wp-content\/uploads\/2021\/06\/Pastel-chocolate-y-ganache_web-150x150.png 150w, https:\/\/q-sina.com\/wp-content\/uploads\/2021\/06\/Pastel-chocolate-y-ganache_web-768x768.png 768w, https:\/\/q-sina.com\/wp-content\/uploads\/2021\/06\/Pastel-chocolate-y-ganache_web.png 1182w\" sizes=\"auto, (max-width: 300px) 100vw, 300px\" \/><\/a>\n\t\t\t<\/div>\n\t\t\t\t<figcaption class='wp-caption-text gallery-caption' id='gallery-1-1989'>\n\t\t\t\tPastel chocolate y ganache\n\t\t\t\t<\/figcaption><\/figure><figure class='gallery-item'>\n\t\t\t<div class='gallery-icon landscape'>\n\t\t\t\t<a data-elementor-open-lightbox=\"yes\" data-elementor-lightbox-slideshow=\"219188ac\" data-elementor-lightbox-title=\"Red velvet\" data-elementor-lightbox-description=\"Porci\u00f3n individual\" href='https:\/\/q-sina.com\/wp-content\/uploads\/2021\/06\/Red-velvet-individual-2_web.png'><img loading=\"lazy\" decoding=\"async\" width=\"300\" height=\"300\" src=\"https:\/\/q-sina.com\/wp-content\/uploads\/2021\/06\/Red-velvet-individual-2_web-300x300.png\" class=\"attachment-medium size-medium\" alt=\"\" aria-describedby=\"gallery-1-2011\" srcset=\"https:\/\/q-sina.com\/wp-content\/uploads\/2021\/06\/Red-velvet-individual-2_web-300x300.png 300w, https:\/\/q-sina.com\/wp-content\/uploads\/2021\/06\/Red-velvet-individual-2_web-1024x1024.png 1024w, https:\/\/q-sina.com\/wp-content\/uploads\/2021\/06\/Red-velvet-individual-2_web-150x150.png 150w, https:\/\/q-sina.com\/wp-content\/uploads\/2021\/06\/Red-velvet-individual-2_web-768x768.png 768w, https:\/\/q-sina.com\/wp-content\/uploads\/2021\/06\/Red-velvet-individual-2_web.png 1182w\" sizes=\"auto, (max-width: 300px) 100vw, 300px\" \/><\/a>\n\t\t\t<\/div>\n\t\t\t\t<figcaption class='wp-caption-text gallery-caption' id='gallery-1-2011'>\n\t\t\t\tRed velvet \n\t\t\t\t<\/figcaption><\/figure><figure class='gallery-item'>\n\t\t\t<div class='gallery-icon landscape'>\n\t\t\t\t<a data-elementor-open-lightbox=\"yes\" data-elementor-lightbox-slideshow=\"219188ac\" data-elementor-lightbox-title=\"Strudel guayaba\" data-elementor-lightbox-description=\"Porci\u00f3n individual\" href='https:\/\/q-sina.com\/wp-content\/uploads\/2021\/06\/Strudel-guayaba-2_web-1.png'><img loading=\"lazy\" decoding=\"async\" width=\"300\" height=\"300\" src=\"https:\/\/q-sina.com\/wp-content\/uploads\/2021\/06\/Strudel-guayaba-2_web-1-300x300.png\" class=\"attachment-medium size-medium\" alt=\"\" aria-describedby=\"gallery-1-2010\" srcset=\"https:\/\/q-sina.com\/wp-content\/uploads\/2021\/06\/Strudel-guayaba-2_web-1-300x300.png 300w, https:\/\/q-sina.com\/wp-content\/uploads\/2021\/06\/Strudel-guayaba-2_web-1-1024x1024.png 1024w, https:\/\/q-sina.com\/wp-content\/uploads\/2021\/06\/Strudel-guayaba-2_web-1-150x150.png 150w, https:\/\/q-sina.com\/wp-content\/uploads\/2021\/06\/Strudel-guayaba-2_web-1-768x768.png 768w, https:\/\/q-sina.com\/wp-content\/uploads\/2021\/06\/Strudel-guayaba-2_web-1.png 1182w\" sizes=\"auto, (max-width: 300px) 100vw, 300px\" \/><\/a>\n\t\t\t<\/div>\n\t\t\t\t<figcaption class='wp-caption-text gallery-caption' id='gallery-1-2010'>\n\t\t\t\tStrudel guayaba \n\t\t\t\t<\/figcaption><\/figure><figure class='gallery-item'>\n\t\t\t<div class='gallery-icon landscape'>\n\t\t\t\t<a data-elementor-open-lightbox=\"yes\" data-elementor-lightbox-slideshow=\"219188ac\" data-elementor-lightbox-title=\"Strudel manzana\" data-elementor-lightbox-description=\"Porci\u00f3n individual\" href='https:\/\/q-sina.com\/wp-content\/uploads\/2021\/06\/Strudel-manzana-pieza_web.png'><img loading=\"lazy\" decoding=\"async\" width=\"300\" height=\"300\" src=\"https:\/\/q-sina.com\/wp-content\/uploads\/2021\/06\/Strudel-manzana-pieza_web-300x300.png\" class=\"attachment-medium size-medium\" alt=\"\" aria-describedby=\"gallery-1-2012\" srcset=\"https:\/\/q-sina.com\/wp-content\/uploads\/2021\/06\/Strudel-manzana-pieza_web-300x300.png 300w, https:\/\/q-sina.com\/wp-content\/uploads\/2021\/06\/Strudel-manzana-pieza_web-1024x1024.png 1024w, https:\/\/q-sina.com\/wp-content\/uploads\/2021\/06\/Strudel-manzana-pieza_web-150x150.png 150w, https:\/\/q-sina.com\/wp-content\/uploads\/2021\/06\/Strudel-manzana-pieza_web-768x768.png 768w, https:\/\/q-sina.com\/wp-content\/uploads\/2021\/06\/Strudel-manzana-pieza_web.png 1182w\" sizes=\"auto, (max-width: 300px) 100vw, 300px\" \/><\/a>\n\t\t\t<\/div>\n\t\t\t\t<figcaption class='wp-caption-text gallery-caption' id='gallery-1-2012'>\n\t\t\t\tStrudel manzana \n\t\t\t\t<\/figcaption><\/figure>\n\t\t<\/div>\n\t\t<\/div>\n\t\t\t\t<\/div>\n\t\t\t\t<\/div>\n\t\t\t\t\t\t<\/div>\n\t\t\t\t\t<\/div>\n\t\t<\/div>\n\t\t\t\t\t\t\t\t<\/div>\n\t\t\t\t\t<\/div>\n\t\t<\/section>\n\t\t\t\t<section class=\"elementor-section elementor-top-section elementor-element elementor-element-bfb2ade elementor-section-boxed elementor-section-height-default elementor-section-height-default\" data-id=\"bfb2ade\" data-element_type=\"section\">\n\t\t\t\t\t\t<div class=\"elementor-container elementor-column-gap-default\">\n\t\t\t\t\t\t\t<div class=\"elementor-row\">\n\t\t\t\t\t<div class=\"elementor-column elementor-col-100 elementor-top-column elementor-element elementor-element-5f434d3\" data-id=\"5f434d3\" data-element_type=\"column\">\n\t\t\t<div class=\"elementor-column-wrap elementor-element-populated\">\n\t\t\t\t\t\t\t<div class=\"elementor-widget-wrap\">\n\t\t\t\t\t\t<div class=\"elementor-element elementor-element-1b3f9ff elementor-align-center elementor-widget elementor-widget-button\" data-id=\"1b3f9ff\" data-element_type=\"widget\" data-widget_type=\"button.default\">\n\t\t\t\t<div class=\"elementor-widget-container\">\n\t\t\t\t\t<div class=\"elementor-button-wrapper\">\n\t\t\t<a href=\"https:\/\/q-sina.com\/index.php\/reposteria\/galleteria\/\" class=\"elementor-button-link elementor-button elementor-size-lg\" role=\"button\">\n\t\t\t\t\t\t<span class=\"elementor-button-content-wrapper\">\n\t\t\t\t\t\t<span class=\"elementor-button-text\">Galleter\u00eda<\/span>\n\t\t<\/span>\n\t\t\t\t\t<\/a>\n\t\t<\/div>\n\t\t\t\t<\/div>\n\t\t\t\t<\/div>\n\t\t\t\t\t\t<\/div>\n\t\t\t\t\t<\/div>\n\t\t<\/div>\n\t\t\t\t\t\t\t\t<\/div>\n\t\t\t\t\t<\/div>\n\t\t<\/section>\n\t\t\t\t\t\t<\/div>\n\t\t\t\t\t\t<\/div>\n\t\t\t\t\t<\/div>\n\t\t","protected":false},"excerpt":{"rendered":"<p>Reposter\u00eda En Qsina amamos la comida, pero la reposter\u00eda es nuestra pasi\u00f3n \u2661\u00a0 Brownies Chocolatines Mil hojas Cannolis Pastel chocolate y ganache Red velvet Strudel guayaba Strudel manzana Galleter\u00eda<\/p>\n","protected":false},"author":1,"featured_media":0,"parent":0,"menu_order":0,"comment_status":"closed","ping_status":"closed","template":"","meta":{"footnotes":""},"class_list":["post-1984","page","type-page","status-publish","hentry"],"_links":{"self":[{"href":"https:\/\/q-sina.com\/index.php\/wp-json\/wp\/v2\/pages\/1984","targetHints":{"allow":["GET"]}}],"collection":[{"href":"https:\/\/q-sina.com\/index.php\/wp-json\/wp\/v2\/pages"}],"about":[{"href":"https:\/\/q-sina.com\/index.php\/wp-json\/wp\/v2\/types\/page"}],"author":[{"embeddable":true,"href":"https:\/\/q-sina.com\/index.php\/wp-json\/wp\/v2\/users\/1"}],"replies":[{"embeddable":true,"href":"https:\/\/q-sina.com\/index.php\/wp-json\/wp\/v2\/comments?post=1984"}],"version-history":[{"count":13,"href":"https:\/\/q-sina.com\/index.php\/wp-json\/wp\/v2\/pages\/1984\/revisions"}],"predecessor-version":[{"id":2044,"href":"https:\/\/q-sina.com\/index.php\/wp-json\/wp\/v2\/pages\/1984\/revisions\/2044"}],"wp:attachment":[{"href":"https:\/\/q-sina.com\/index.php\/wp-json\/wp\/v2\/media?parent=1984"}],"curies":[{"name":"wp","href":"https:\/\/api.w.org\/{rel}","templated":true}]}}